{"id":118,"date":"2016-12-22T18:33:17","date_gmt":"2016-12-22T17:33:17","guid":{"rendered":"http:\/\/www.congruent.at\/wp\/?page_id=118"},"modified":"2021-04-21T12:41:37","modified_gmt":"2021-04-21T10:41:37","slug":"118-2","status":"publish","type":"page","link":"https:\/\/www.congruent.at\/?page_id=118","title":{"rendered":"Impressum"},"content":{"rendered":"<p><strong>conGRUent e.U.<\/strong><br \/>\nIngenieurb\u00fcro f\u00fcr Raumplanung und Raumordnung<br \/>\nSeidengasse 46<br \/>\n1070 Wien<br \/>\nFirmenbuch Nr.: FN 425487 t<br \/>\nUID-Nr.: ATU 69273608<\/p>\n<p>Tel.: +43 664 35 55 135<br \/>\nEmail: office@congruent.at<br \/>\nWeb: www.congruent.at<\/p>\n<p>Inhaber: DI Johannes Gruber<\/p>\n<p>Allgemeine Informationen zum Fachverband der Ingenieurb\u00fcros finden Sie hier:<br \/>\n<a href=\"http:\/\/www.ingenieurbueros.at\">Fachverband der Ingenieurb\u00fcros<\/a><\/p>\n<p><strong>DATENSCHUTZERKL\u00c4RUNG<\/strong><br \/>\nDer Schutz Ihrer pers\u00f6nlichen Daten ist uns ein besonderes Anliegen. Wir verarbeiten Ihre Daten daher ausschlie\u00dflich auf Grundlage der gesetzlichen Bestimmungen (DSGVO, TKG 2003). In diesen Datenschutzinformationen informieren wir Sie \u00fcber die wichtigsten Aspekte der Datenverarbeitung im Rahmen unserer Website.<\/p>\n<p><strong>Kontakt<\/strong><br \/>\nWenn Sie per Formular auf der Website oder per E-Mail Kontakt mit uns aufnehmen, werden Ihre angegebenen Daten zwecks Bearbeitung der Anfrage und f\u00fcr den Fall von Anschlussfragen mind. sechs Monate bei uns gespeichert. Diese Daten sind aber ausschlie\u00dflich zur internen Dokumentation und werden nicht weitergegeben, im Ausnahmefall nur mit Ihrer Einwilligung.<\/p>\n<p><strong>Ihre Rechte<\/strong><br \/>\nIhnen stehen grunds\u00e4tzlich die Rechte auf Auskunft, Berichtigung, L\u00f6schung, Einschr\u00e4nkung, Daten\u00fcbertragbarkeit, Widerruf und Widerspruch zu. Wenn Sie glauben, dass die Verarbeitung Ihrer Daten gegen das Datenschutzrecht verst\u00f6\u00dft oder Ihre datenschutzrechtlichen Anspr\u00fcche sonst in einer Weise verletzt worden sind, k\u00f6nnen Sie sich bei der Aufsichtsbeh\u00f6rde beschweren. In \u00d6sterreich ist dies die Datenschutzbeh\u00f6rde. Bitte beachten Sie aber, dass die L\u00f6schung bestimmter Daten evtl. \u00fcbergeordnetem Recht (z.B. Finanzrecht) zuwiederlaufen kann und deshalb abgelehnt werden muss. Sie erreichen uns unter <a href=\"mailto:office@congruent.at\">office@congruent.at<\/a><\/p>\n<p><strong>Google Analytics<\/strong><br \/>\nDiese Website benutzt Google Analytics, einen Webanalysedienst der Google Inc. (\u201eGoogle\u201c). Google Analytics verwendet sog. \u201eCookies\u201c, Textdateien, die auf Ihrem Computer gespeichert werden und die eine Analyse der Benutzung der Website durch Sie erm\u00f6glichen. Die durch das Cookie erzeugten Informationen \u00fcber Ihre Benutzung dieser Website werden in der Regel an einen Server von Google in den USA \u00fcbertragen und dort gespeichert. Im Falle der Aktivierung der IP-Anonymisierung auf dieser Website, wird Ihre IP-Adresse von Google jedoch innerhalb von Mitgliedstaaten der Europ\u00e4ischen Union oder in anderen Vertragsstaaten des Abkommens \u00fcber den Europ\u00e4ischen Wirtschaftsraum zuvor gek\u00fcrzt. Nur in Ausnahmef\u00e4llen wird die volle IP-Adresse an einen Server von Google in den USA \u00fcbertragen und dort gek\u00fcrzt. Im Auftrag des Betreibers dieser Website wird Google diese Informationen benutzen, um Ihre Nutzung der Website auszuwerten, um Reports \u00fcber die Websiteaktivit\u00e4ten zusammenzustellen und um weitere mit der Websitenutzung und der Internetnutzung verbundene Dienstleistungen gegen\u00fcber dem Websitebetreiber zu erbringen. Die im Rahmen von Google Analytics von Ihrem Browser \u00fcbermittelte IP-Adresse wird nicht mit anderen Daten von Google zusammengef\u00fchrt. Sie k\u00f6nnen die Speicherung der Cookies durch eine entsprechende Einstellung Ihrer Browser-Software verhindern; wir weisen Sie jedoch darauf hin, dass Sie in diesem Fall gegebenenfalls nicht s\u00e4mtliche Funktionen dieser Website vollumf\u00e4nglich werden nutzen k\u00f6nnen. Sie k\u00f6nnen dar\u00fcber hinaus die Erfassung der durch das Cookie erzeugten und auf Ihre Nutzung der Website bezogenen Daten (inkl. Ihrer IP-Adresse) an Google sowie die Verarbeitung dieser Daten durch Google verhindern, indem Sie das unter dem folgenden Link (http:\/\/tools.google.com\/dlpage\/gaoptout?hl=de) verf\u00fcgbare Browser-Plugin herunterladen und installieren. [ga-optout text=&#8220;Google Analytics deaktivieren&#8220;]<\/p>\n","protected":false},"excerpt":{"rendered":"<p>conGRUent e.U. Ingenieurb\u00fcro f\u00fcr Raumplanung und Raumordnung Seidengasse 46 1070 Wien Firmenbuch Nr.: FN 425487 t UID-Nr.: ATU 69273608 Tel.: +43 664 35 55 135 Email: office@congruent.at Web: www.congruent.at Inhaber: DI Johannes Gruber Allgemeine Informationen zum Fachverband der Ingenieurb\u00fcros finden Sie hier: Fachverband der Ingenieurb\u00fcros DATENSCHUTZERKL\u00c4RUNG Der Schutz Ihrer pers\u00f6nlichen Daten ist uns ein besonderes [&hellip;]<\/p>\n","protected":false},"author":1,"featured_media":0,"parent":0,"menu_order":60,"comment_status":"closed","ping_status":"closed","template":"","meta":{"footnotes":""},"class_list":["post-118","page","type-page","status-publish","hentry","post"],"_links":{"self":[{"href":"https:\/\/www.congruent.at\/index.php?rest_route=\/wp\/v2\/pages\/118","targetHints":{"allow":["GET"]}}],"collection":[{"href":"https:\/\/www.congruent.at\/index.php?rest_route=\/wp\/v2\/pages"}],"about":[{"href":"https:\/\/www.congruent.at\/index.php?rest_route=\/wp\/v2\/types\/page"}],"author":[{"embeddable":true,"href":"https:\/\/www.congruent.at\/index.php?rest_route=\/wp\/v2\/users\/1"}],"replies":[{"embeddable":true,"href":"https:\/\/www.congruent.at\/index.php?rest_route=%2Fwp%2Fv2%2Fcomments&post=118"}],"version-history":[{"count":0,"href":"https:\/\/www.congruent.at\/index.php?rest_route=\/wp\/v2\/pages\/118\/revisions"}],"wp:attachment":[{"href":"https:\/\/www.congruent.at\/index.php?rest_route=%2Fwp%2Fv2%2Fmedia&parent=118"}],"curies":[{"name":"wp","href":"https:\/\/api.w.org\/{rel}","templated":true}]}}