{"id":153,"date":"2016-12-23T19:56:54","date_gmt":"2016-12-23T18:56:54","guid":{"rendered":"http:\/\/www.congruent.at\/?page_id=153"},"modified":"2018-05-16T10:16:56","modified_gmt":"2018-05-16T08:16:56","slug":"sitemap","status":"publish","type":"page","link":"https:\/\/www.congruent.at\/?page_id=153","title":{"rendered":"Sitemap"},"content":{"rendered":"<p><html><br \/>\n<body><\/p>\n<div id=\"cont\">\n<h1>HTML Site Map<\/h1>\n<h3><a href=\"http:\/\/www.congruent.at\">Homepage<\/a> Last updated: 2017, January 3<\/h3>\n<table cellpadding=\"0\" cellspacing=\"0\" border=\"0\" width=\"100%\">\n<tr valign=\"top\">\n<td class=\"lpart\" colspan=\"100\">\n<div class=\"lhead\">\n<span class=\"lcount\">7 pages<\/span><\/div>\n<table cellpadding=\"0\" cellspacing=\"0\" border=\"0\" width=\"100%\">\n<tr>\n<td class=\"lpage\"><a href=\"http:\/\/www.congruent.at\/\" title=\"Ingenieurb\u00fcro conGRUent &amp;#8211; Energieraumplanung, Datenmanagement, OpenData, GIS\">Ingenieurb\u00fcro conGRUent &#8211; Energieraumplanung, Datenmanagement, OpenData, GIS<\/a><\/td>\n<\/tr>\n<tr>\n<td class=\"lpage\"><a href=\"http:\/\/www.congruent.at\/?page_id=8\" title=\"Leistungen &amp;#8211; Ingenieurb\u00fcro conGRUent\">Leistungen &#8211; Ingenieurb\u00fcro conGRUent<\/a><\/td>\n<\/tr>\n<tr>\n<td class=\"lpage\"><a href=\"http:\/\/www.congruent.at\/?page_id=11\" title=\"Referenzen &amp;#8211; Ingenieurb\u00fcro conGRUent\">Referenzen &#8211; Ingenieurb\u00fcro conGRUent<\/a><\/td>\n<\/tr>\n<tr>\n<td class=\"lpage\"><a href=\"http:\/\/www.congruent.at\/?page_id=186\" title=\"WebGIS &amp;#8211; Ingenieurb\u00fcro conGRUent\">WebGIS &#8211; Ingenieurb\u00fcro conGRUent<\/a><\/td>\n<\/tr>\n<tr>\n<td class=\"lpage\"><a href=\"http:\/\/www.congruent.at\/?page_id=13\" title=\"Kontakt &amp;#8211; Ingenieurb\u00fcro conGRUent\">Kontakt &#8211; Ingenieurb\u00fcro conGRUent<\/a><\/td>\n<\/tr>\n<tr>\n<td class=\"lpage\"><a href=\"http:\/\/www.congruent.at\/?page_id=118\" title=\"Impressum &amp;#8211; Ingenieurb\u00fcro conGRUent\">Impressum &#8211; Ingenieurb\u00fcro conGRUent<\/a><\/td>\n<\/tr>\n<tr>\n<td class=\"lpage\"><a href=\"http:\/\/www.congruent.at\/?page_id=153\" title=\"Sitemap &amp;#8211; Ingenieurb\u00fcro conGRUent\">Sitemap &#8211; Ingenieurb\u00fcro conGRUent<\/a><\/td>\n<\/tr>\n<\/table>\n<\/td>\n<\/tr>\n<\/table>\n<p><!--\nPlease note:\nYou are not allowed to remove the copyright notice below.\nThank you!\nwww.xml-sitemaps.com\n--><\/p>\n<div id=\"footer\">\nPage generated by XML-Sitemaps.com &#8211; <a target=\"_blank\" href=\"https:\/\/www.xml-sitemaps.com\">Google XML sitemap and html sitemaps generator<\/a><br \/>\n|<br \/>\nCopyright &copy; 2005-2015<\/p>\n<\/div>\n<\/div>\n<p><\/body><br \/>\n<\/html><\/p>\n","protected":false},"excerpt":{"rendered":"<p>HTML Site Map Homepage Last updated: 2017, January 3 7 pages Ingenieurb\u00fcro conGRUent &#8211; Energieraumplanung, Datenmanagement, OpenData, GIS Leistungen &#8211; Ingenieurb\u00fcro conGRUent Referenzen &#8211; Ingenieurb\u00fcro conGRUent WebGIS &#8211; Ingenieurb\u00fcro conGRUent Kontakt &#8211; Ingenieurb\u00fcro conGRUent Impressum &#8211; Ingenieurb\u00fcro conGRUent Sitemap &#8211; Ingenieurb\u00fcro conGRUent Page generated by XML-Sitemaps.com &#8211; Google XML sitemap and html sitemaps generator | [&hellip;]<\/p>\n","protected":false},"author":1,"featured_media":0,"parent":0,"menu_order":70,"comment_status":"closed","ping_status":"closed","template":"","meta":{"footnotes":""},"class_list":["post-153","page","type-page","status-publish","hentry","post"],"_links":{"self":[{"href":"https:\/\/www.congruent.at\/index.php?rest_route=\/wp\/v2\/pages\/153","targetHints":{"allow":["GET"]}}],"collection":[{"href":"https:\/\/www.congruent.at\/index.php?rest_route=\/wp\/v2\/pages"}],"about":[{"href":"https:\/\/www.congruent.at\/index.php?rest_route=\/wp\/v2\/types\/page"}],"author":[{"embeddable":true,"href":"https:\/\/www.congruent.at\/index.php?rest_route=\/wp\/v2\/users\/1"}],"replies":[{"embeddable":true,"href":"https:\/\/www.congruent.at\/index.php?rest_route=%2Fwp%2Fv2%2Fcomments&post=153"}],"version-history":[{"count":0,"href":"https:\/\/www.congruent.at\/index.php?rest_route=\/wp\/v2\/pages\/153\/revisions"}],"wp:attachment":[{"href":"https:\/\/www.congruent.at\/index.php?rest_route=%2Fwp%2Fv2%2Fmedia&parent=153"}],"curies":[{"name":"wp","href":"https:\/\/api.w.org\/{rel}","templated":true}]}}